{"id":3562,"date":"2020-11-19T11:25:33","date_gmt":"2020-11-19T09:25:33","guid":{"rendered":"http:\/\/electro-sistem.com\/?page_id=3562"},"modified":"2021-02-22T15:49:01","modified_gmt":"2021-02-22T13:49:01","slug":"25ani","status":"publish","type":"page","link":"http:\/\/electro-sistem.com\/ro_RO\/25ani\/","title":{"rendered":"25 DE ANI"},"content":{"rendered":"<p>[vc_row full_width=&#8221;stretch_row_content_no_spaces&#8221; css=&#8221;.vc_custom_1613721005922{margin-top: 0px !important;margin-bottom: 0px !important;border-top-width: 0px !important;border-bottom-width: 0px !important;padding-top: 0px !important;padding-bottom: 0px !important;background-position: center !important;background-repeat: no-repeat !important;background-size: cover !important;}&#8221;][vc_column css=&#8221;.vc_custom_1605790898623{margin-top: 0px !important;margin-bottom: 0px !important;border-top-width: 0px !important;border-bottom-width: 0px !important;padding-top: 0px !important;padding-bottom: 0px !important;}&#8221;][vc_single_image image=&#8221;3735&#8243; img_size=&#8221;full&#8221; alignment=&#8221;center&#8221; css=&#8221;.vc_custom_1613721061431{margin-top: 0px !important;margin-bottom: 0px !important;border-top-width: 0px !important;border-bottom-width: 0px !important;padding-top: 0px !important;padding-bottom: 0px !important;}&#8221;][\/vc_column][\/vc_row][vc_row full_width=&#8221;stretch_row_content&#8221; content_placement=&#8221;middle&#8221; css=&#8221;.vc_custom_1605791345150{margin-top: 0px !important;margin-bottom: 0px !important;border-top-width: 0px !important;border-bottom-width: 0px !important;padding-top: 0px !important;padding-bottom: 0px !important;}&#8221;][vc_column css=&#8221;.vc_custom_1605791352811{margin-top: 0px !important;margin-bottom: 0px !important;border-top-width: 0px !important;border-bottom-width: 0px !important;padding-top: 0px !important;padding-bottom: 0px !important;}&#8221;][vc_row_inner][vc_column_inner css=&#8221;.vc_custom_1605789856209{background-color: #fecc00 !important;}&#8221;][vc_wp_text el_class=&#8221;firstBox&#8221;]<\/p>\n<h3 style=\"text-align: center;\"><span style=\"color: #ffffff;\">experien\u021ba modeleaz\u0103 viitorul<\/span><\/h3>\n<p style=\"text-align: center;\"><span style=\"color: #ffffff;\"><strong>SOLU\u021aII INTELIGENTE PENTRU CONTROLUL \u0218I DISTRIBU\u021aIA ELECTRICIT\u0102\u021aII<\/strong><\/span><\/p>\n<p>[\/vc_wp_text][\/vc_column_inner][\/vc_row_inner][\/vc_column][\/vc_row][vc_row equal_height=&#8221;yes&#8221; content_placement=&#8221;middle&#8221;][vc_column width=&#8221;1\/2&#8243;][vc_single_image image=&#8221;3602&#8243; img_size=&#8221;215&#215;215&#8243; alignment=&#8221;right&#8221; css_animation=&#8221;bounceInLeft&#8221;][\/vc_column][vc_column width=&#8221;1\/2&#8243;][vc_column_text css_animation=&#8221;fadeInRight&#8221; el_class=&#8221;distributieText&#8221;]PENTRU DISTRIBU\u021aIA EFICIENT\u0102 A ENERGIEI ELECTRICE[\/vc_column_text][\/vc_column][\/vc_row][vc_row el_class=&#8221;atuBox&#8221;][vc_column][vc_column_text css_animation=&#8221;left-to-right&#8221;]25 de ani de experien\u021b\u0103 \u00een produc\u021bia \u0219i comercializarea echipamentelor de distribu\u021bie a electricit\u0103\u021bii[\/vc_column_text][vc_column_text css_animation=&#8221;left-to-right&#8221;]Produc\u0103tor \u0219i brand de referin\u021b\u0103 pe pia\u021ba de profil[\/vc_column_text][vc_column_text css_animation=&#8221;left-to-right&#8221;]Evolu\u021bie constant\u0103[\/vc_column_text][vc_column_text css_animation=&#8221;left-to-right&#8221;]Solu\u021bii individuale, complete \u0219i flexibile pentru \u00eentreg sistemul de comand\u0103 \u0219i distribu\u021bie a electricit\u0103\u021bii[\/vc_column_text][vc_column_text css_animation=&#8221;left-to-right&#8221;]Gam\u0103 variat\u0103 de repere cu termene scurte de execu\u021bie[\/vc_column_text][vc_column_text css_animation=&#8221;left-to-right&#8221;]Abordare deschis\u0103 \u0219i orientat\u0103 c\u0103tre nevoile partenerilor de afaceri[\/vc_column_text][vc_column_text css_animation=&#8221;left-to-right&#8221;]Posturi de transformare perfect integrate \u00een mediul urban \u0219i \u00eenconjur\u0103tor[\/vc_column_text][vc_column_text css_animation=&#8221;left-to-right&#8221;]Solu\u021bii inovatoare pentru proiecte de anvergur\u0103[\/vc_column_text][vc_column_text css_animation=&#8221;left-to-right&#8221;]7 capacit\u0103\u021bi de produc\u021bie\u00a0\u00een \u021bar\u0103 \u0219i str\u0103in\u0103tate[\/vc_column_text][vc_column_text css_animation=&#8221;left-to-right&#8221;]Ma\u0219ini \u0219i utilaje interconectate[\/vc_column_text][vc_column_text css_animation=&#8221;left-to-right&#8221;]Tehnologie de ultim\u0103 genera\u021bie (utilaje de produc\u021bie cu CNC, ma\u0219ini de debitare cu laser, linie de zincare termic\u0103, etc.)[\/vc_column_text][vc_column_text css_animation=&#8221;left-to-right&#8221;]Laborator central de testare propriu dotat cu tehnologie ultraperformant\u0103[\/vc_column_text][vc_column_text css_animation=&#8221;left-to-right&#8221;]Probe-tip pentru produse noi realizate \u00een laboratoare atestate interna\u021bional precum IPH Berlin, laboratoarele Siemens din Frankfurt, ICMET Craiova etc.[\/vc_column_text][vc_column_text css_animation=&#8221;left-to-right&#8221;]Automatizare continu\u0103 a proceselor de fabrica\u021bie[\/vc_column_text][vc_column_text css_animation=&#8221;left-to-right&#8221;]Parteneriate de tradi\u021bie cu cei mai mari produc\u0103tori din domeniu[\/vc_column_text][vc_column_text css_animation=&#8221;left-to-right&#8221;]Clien\u021bi din toate industriile, at\u00e2t din \u021bar\u0103 c\u00e2t \u0219i din str\u0103in\u0103tate[\/vc_column_text][vc_column_text css_animation=&#8221;left-to-right&#8221;]Birouri comerciale \u0219i depozite \u00een 8 mari ora\u0219e din Romania, dar \u0219i \u00een Ungaria \u0219i Germania[\/vc_column_text][vc_column_text css_animation=&#8221;left-to-right&#8221;]Logistic\u0103 modern\u0103[\/vc_column_text][vc_column_text css_animation=&#8221;left-to-right&#8221;]Aprovizionare eficient\u0103[\/vc_column_text][vc_column_text css_animation=&#8221;left-to-right&#8221;]Siguran\u021b\u0103 \u0219i durabilitate[\/vc_column_text][vc_column_text css_animation=&#8221;left-to-right&#8221;]Echip\u0103 unit\u0103[\/vc_column_text][vc_column_text css_animation=&#8221;left-to-right&#8221;]Mediu de lucru prietenos \u0219i relaxat[\/vc_column_text][vc_column_text css_animation=&#8221;left-to-right&#8221;]Integritate \u0219i comportament etic[\/vc_column_text][vc_column_text css_animation=&#8221;left-to-right&#8221;]Grij\u0103 fa\u021b\u0103 de oameni \u0219i mediu[\/vc_column_text][vc_column_text css_animation=&#8221;left-to-right&#8221;]Implicare \u00een comunitate[\/vc_column_text][\/vc_column][\/vc_row][vc_row full_width=&#8221;stretch_row_content_no_spaces&#8221; parallax=&#8221;content-moving&#8221; parallax_image=&#8221;3610&#8243; css=&#8221;.vc_custom_1606147181739{padding-top: 300px !important;padding-bottom: 300px !important;}&#8221;][vc_column][\/vc_column][\/vc_row][vc_row equal_height=&#8221;yes&#8221;][vc_column][vc_row_inner equal_height=&#8221;yes&#8221;][vc_column_inner width=&#8221;1\/2&#8243;][vc_column_text css_animation=&#8221;fadeInDown&#8221; el_class=&#8221;viitorulBox&#8221;]<strong>viitorul integrat<\/strong><\/p>\n<p>al sistemelor<\/p>\n<p>energetice[\/vc_column_text][\/vc_column_inner][vc_column_inner width=&#8221;1\/2&#8243;][vc_column_text css_animation=&#8221;fadeInDown&#8221; el_class=&#8221;orangeBox&#8221; css=&#8221;.vc_custom_1606996535364{padding-top: 90px !important;}&#8221;]<strong>Electro Sistem este o companie privat\u0103 cu capital 100% rom\u00e2nesc, \u00eenfiin\u021bat\u0103 \u00een urm\u0103 cu 25 de ani \u00een Baia Mare, Rom\u00e2nia.<\/strong><\/p>\n<p>Convingerea noastr\u0103 bazat\u0103 pe experien\u021ba \u0219i succesul recunoscute de partenerii din \u021bar\u0103 \u0219i din str\u0103in\u0103tate, este c\u0103, pe termen mediu \u0219i lung, pe pia\u021ba de profil, argumentele esen\u021biale \u00een favoarea reu\u0219itei sunt date de calitatea produselor, capacitatea de integrare a\u00a0unor solu\u021bii moderne \u0219i respectarea angajamentelor.[\/vc_column_text][\/vc_column_inner][\/vc_row_inner][\/vc_column][\/vc_row][vc_row full_width=&#8221;stretch_row&#8221; content_placement=&#8221;middle&#8221; css=&#8221;.vc_custom_1606486530099{background-color: #ebebe9 !important;}&#8221;][vc_column width=&#8221;1\/2&#8243;][vc_single_image image=&#8221;3614&#8243; img_size=&#8221;215&#215;215&#8243; alignment=&#8221;right&#8221; css_animation=&#8221;bounceInLeft&#8221;][\/vc_column][vc_column width=&#8221;1\/2&#8243;][vc_column_text css_animation=&#8221;fadeInDown&#8221; el_class=&#8221;categoriiProduse&#8221;]PENTRU MODERNIZAREA DISTRIBU\u021aIEI ENERGIEI ELECTRICE[\/vc_column_text][\/vc_column][\/vc_row][vc_row][vc_column width=&#8221;1\/2&#8243;][\/vc_column][vc_column width=&#8221;1\/2&#8243;][vc_single_image image=&#8221;3788&#8243; img_size=&#8221;medium&#8221; css_animation=&#8221;bounceInRight&#8221;][vc_column_text css_animation=&#8221;fadeInDown&#8221; el_class=&#8221;servicesBox&#8221;]<\/p>\n<ul>\n<li><a href=\"http:\/\/electro-sistem.com\/ro_RO\/category\/anvelope-prefabricate-echipate\/\">\/ ANVELOPE PREFABRICATE ECHIPATE<\/a><\/li>\n<li><a href=\"http:\/\/electro-sistem.com\/ro_RO\/category\/celule-de-mediu-tensiune\/\">\/ CELULE DE MEDIE TENSIUNE<\/a><\/li>\n<li><a href=\"http:\/\/electro-sistem.com\/ro_RO\/category\/tablouri-de-joasa-tensiune\/\">\/ TABLOURI DE JOAS\u0102 TENSIUNE<\/a><\/li>\n<li><a href=\"http:\/\/electro-sistem.com\/ro_RO\/category\/echipamente-pentru-linii-electrice-aeriene\/\">\/ ECHIPAMENTE PENTRU LINII ELECTRICE AERIENE<\/a><\/li>\n<li><a href=\"http:\/\/electro-sistem.com\/ro_RO\/category\/transformatoare-de-distributie\/\">\/ TRANSFORMATOARE DE DISTRIBU\u021aIE<\/a><\/li>\n<li><a href=\"http:\/\/electro-sistem.com\/ro_RO\/category\/echipamente-de-masura-de-medie-tensiune\/\">\/ ECHIPAMENTE DE M\u0102SUR\u0102 DE MEDIE TENSIUNE<\/a><\/li>\n<li><a href=\"http:\/\/electro-sistem.com\/ro_RO\/category\/accesorii-pentru-cabluri\/\">\/ ACCESORII PENTRU CABLURI<\/a><\/li>\n<\/ul>\n<p>[\/vc_column_text][\/vc_column][\/vc_row][vc_row][vc_column][vc_single_image image=&#8221;3621&#8243; img_size=&#8221;full&#8221; alignment=&#8221;center&#8221; css_animation=&#8221;slideInUp&#8221;][\/vc_column][\/vc_row]<\/p>\n","protected":false},"excerpt":{"rendered":"<p>[vc_row full_width=&#8221;stretch_row_content_no_spaces&#8221; css=&#8221;.vc_custom_1613721005922{margin-top: 0px !important;margin-bottom: 0px !important;border-top-width: 0px !important;border-bottom-width: 0px !important;padding-top: 0px !important;padding-bottom:&#8230;<\/p>\n","protected":false},"author":1,"featured_media":0,"parent":0,"menu_order":0,"comment_status":"closed","ping_status":"closed","template":"single-fullwidth.php","meta":[],"_links":{"self":[{"href":"http:\/\/electro-sistem.com\/ro_RO\/wp-json\/wp\/v2\/pages\/3562"}],"collection":[{"href":"http:\/\/electro-sistem.com\/ro_RO\/wp-json\/wp\/v2\/pages"}],"about":[{"href":"http:\/\/electro-sistem.com\/ro_RO\/wp-json\/wp\/v2\/types\/page"}],"author":[{"embeddable":true,"href":"http:\/\/electro-sistem.com\/ro_RO\/wp-json\/wp\/v2\/users\/1"}],"replies":[{"embeddable":true,"href":"http:\/\/electro-sistem.com\/ro_RO\/wp-json\/wp\/v2\/comments?post=3562"}],"version-history":[{"count":155,"href":"http:\/\/electro-sistem.com\/ro_RO\/wp-json\/wp\/v2\/pages\/3562\/revisions"}],"predecessor-version":[{"id":3789,"href":"http:\/\/electro-sistem.com\/ro_RO\/wp-json\/wp\/v2\/pages\/3562\/revisions\/3789"}],"wp:attachment":[{"href":"http:\/\/electro-sistem.com\/ro_RO\/wp-json\/wp\/v2\/media?parent=3562"}],"curies":[{"name":"wp","href":"https:\/\/api.w.org\/{rel}","templated":true}]}}