{"id":3325,"date":"2019-11-22T11:28:00","date_gmt":"2019-11-22T11:28:00","guid":{"rendered":"http:\/\/electro-sistem.com\/?page_id=3325"},"modified":"2020-01-29T07:25:03","modified_gmt":"2020-01-29T07:25:03","slug":"politica-de-cookie","status":"publish","type":"page","link":"http:\/\/electro-sistem.com\/ro_RO\/politica-de-cookie\/","title":{"rendered":"Protectia datelor cu caracter personal si politica de cookie-uri"},"content":{"rendered":"<p><span style=\"font-weight: 400;\">ELECTRO SISTEM SRL \u0219i B&amp;K ELECTRO SYSTEM SRL, cu sediul \u00een Baia Mare, str. 8 Martie nr. 4B, jud.Maramure\u0219, tel. +40 262 213581, fax: +40 262 213583, website: www.electro-sistem.com, email: dpo@electro-sistem.com, v\u0103 informeaz\u0103 prin prezenta despre prelucrarea datelor dumneavoastr\u0103 personale \u0219i drepturile pe care le ave\u021bi \u00een conformitate cu REGULAMENTUL (UE) 2016\/679 al Parlamentului European \u0219i al Consiliului din 27 aprilie 2016 (denumit \u00een continuare GDPR) \u0219i legisla\u021bia na\u021bional\u0103 privind protec\u021bia \u0219i securitatea datelor personale, \u00een vigoare.<\/span><\/p>\n<p>Scopurile \u0219i baza legal\u0103 a prelucr\u0103rilor<\/p>\n<p><span style=\"font-weight: 400;\">\u021ain\u00e2nd cont de prevederile legisla\u0163iei na\u0163ionale (Legea 102\/2005, modificat\u0103 \u0219i completat\u0103, Legea nr. 190\/2018, Legea nr. 506\/2004) \u015fi europene (Regulamentul 2016\/679\/UE, Directiva 2016\/680\/CE, Directiva 2002\/58\/CE) \u00een vigoare, ELECTRO SISTEM SRL \u0219i B&amp;K ELECTRO SYSTEM SRL, prin obiectul de activitate, <\/span>nu prelucreaz\u0103 date cu caracter personal<span style=\"font-weight: 400;\">.\u00a0<\/span><\/p>\n<p><span style=\"font-weight: 400;\">ELECTRO SISTEM SRL \u0219i B&amp;K ELECTRO SYSTEM SRL \u00een\u021beleg importan\u021ba administr\u0103rii \u00een condi\u0163ii de siguran\u0163\u0103 \u015fi numai pentru scopurile specificate datele personale care le sunt furnizate.<\/span><\/p>\n<p><span style=\"font-weight: 400;\">ELECTRO SISTEM SRL \u0219i B&amp;K ELECTRO SYSTEM SRL colecteaz\u0103, utilizeaz\u0103 \u0219i p\u0103streaz\u0103 datele dumneavoastr\u0103 personale, care le sunt furnizate, \u00een conformitate cu prevederile GDPR, pentru derularea urm\u0103toarelor activit\u0103\u021bi: prestare de servicii comerciale, \u00eencheierea de contracte de furnizare de produse\/servicii, onorarea comenzilor, marketing, organizarea\/derularea de evenimente, recrutare \u0219i angajare personal, \u00een vederea organiz\u0103rii programelor de formare profesional\u0103.<\/span><\/p>\n<p>Temeiul legal al prelucr\u0103rii datelor<\/p>\n<p><span style=\"font-weight: 400;\">Datele dumneavoastr\u0103 cu caracter personal sunt colectate, utilizate \u0219i p\u0103strate pentru \u00eendeplinirea obliga\u021biilor legale care le revin operatorilor conform articolului 6 alin. 1 litera b), c), f) din GDPR.<\/span><\/p>\n<p><span style=\"font-weight: 400;\">\u00cen m\u0103sura \u00een care sunt necesare categorii speciale de date cu caracter personal, ELECTRO SISTEM SRL \u0219i B&amp;K ELECTRO SYSTEM SRL v\u0103 vor solicita consim\u021b\u0103m\u00e2ntul dvs. \u00een conformitate cu prevederile art. 9 alin. (2) lit. (a) din GDPR.<\/span><\/p>\n<p><span style=\"font-weight: 400;\">Legisla\u021bia care guverneaz\u0103, \u00een principal, activit\u0103\u021bile derulate de ELECTRO SISTEM SRL \u0219i B&amp;K ELECTRO SYSTEM SRL este urm\u0103toarea: Codul de procedur\u0103 civil\u0103, Legea societ\u0103\u021bilor comerciale nr. 31\/1990 completat\u0103 \u0219i actualizat\u0103,\u00a0 Legea contabilit\u0103\u021bii nr. 82\/1991 completat\u0103 \u0219i actualizat\u0103, Codul fiscal \/Legea nr. 227\/2015 cu modific\u0103rile \u0219i complet\u0103rile ulterioare, Legea Muncii nr. 53\/2003 cu modific\u0103rile \u0219i complet\u0103rile ulterioare, Legea Arhivelor Na\u021bionale nr. 16\/1996 modificat\u0103 \u0219i actualizat\u0103, Legea nr. 677\/2001, Regulamentul 2016\/679\/UE, Directiva 2016\/680\/CE, Directiva 2002\/58\/CE.<\/span><\/p>\n<p>Tipuri de date cu caracter personal pe care le prelucr\u0103m<\/p>\n<p><span style=\"font-weight: 400;\">Politica privind protec\u021bia \u0219i securitatea datelor personale a ELECTRO SISTEM SRL \u0219i B&amp;K ELECTRO SYSTEM SRL este de a colecta numai datele personale necesare \u00een scopurile men\u021bionate \u0219i de a solicita persoanelor vizate s\u0103\u00a0 comunice numai acele date cu caracter personal strict necesare \u00eendeplinirii acestor scopuri.<\/span><\/p>\n<p><span style=\"font-weight: 400;\">Categoriile de date personale (clasice sau digitale) colectate sunt urm\u0103toarele<\/span><\/p>\n<p><span style=\"font-weight: 400;\">Pentru recrutare \u0219i angajare personal, formare profesional\u0103: nume, prenume, semn\u0103tura, detalii de contact &#8211; num\u0103r de telefon personal, adres\u0103 de email, adresa de domiciliu\/re\u0219edin\u021b\u0103, serie \u0219i num\u0103r CI\/BI, CNP.<\/span><\/p>\n<p><span style=\"font-weight: 400;\">Pentru formulare de ac\u021biuni \u0219i reprezentare \u00een instan\u021b\u0103: nume, prenume, semn\u0103tura, detalii de contact &#8211; num\u0103r de telefon personal, adres\u0103 de email, adresa de domiciliu\/re\u0219edin\u021b\u0103, serie \u0219i num\u0103r CI\/BI, CNP.<\/span><\/p>\n<p><span style=\"font-weight: 400;\">Pentru organizare\/derulare evenimente: nume, prenume, func\u021bie, profesie, denumirea angajatorului, detalii de contact &#8211; num\u0103r de telefon personal\/de serviciu, adres\u0103 de email, adres\u0103 po\u0219tal\u0103.<\/span><\/p>\n<p><span style=\"font-weight: 400;\">Pentru \u00eencheiere contracte de furnizare de produse\/servicii: nume, prenume, func\u021bie, denumirea angajatorului, detalii de contact &#8211; num\u0103r de telefon personal\/de serviciu, adres\u0103 de email, adres\u0103 po\u0219tal\u0103.<\/span><\/p>\n<p><span style=\"font-weight: 400;\">Ne rezerv\u0103m dreptul de a solicita alte date necesare pentru \u00eendeplinirea atribu\u021biilor din cadrul ELECTRO SISTEM SRL \u0219i B&amp;K ELECTRO SYSTEM SRL, strict \u00een conformitate cu prevederile legale.<\/span><\/p>\n<p>Sursa datelor cu caracter personal<\/p>\n<p><span style=\"font-weight: 400;\">ELECTRO SISTEM SRL \u0219i B&amp;K ELECTRO SYSTEM SRL, prin persoane desemnate \u00een acest sens, colecteaz\u0103 date personale direct de la dumneavoastr\u0103.<\/span><\/p>\n<p>Categorii de destinatari ai datelor cu caracter personal<\/p>\n<p><span style=\"font-weight: 400;\">Datele dumneavoastr\u0103 personale sunt destinate utiliz\u0103rii de c\u0103tre operator \u0219i pot fi communicate dup\u0103 caz, \u00een conformitate cu prederile \u00een vigoare, urm\u0103torilor destinatari: AJOFM, Casa Na\u021bional\u0103 de Pensii Publice, Inspectoratul Teritorial de Munc\u0103, Casa Jude\u021bean\u0103 de Asigur\u0103ri de S\u0103n\u0103tate, ANAF etc.<\/span><\/p>\n<p><span style=\"font-weight: 400;\">Dezv\u0103luirea datelor c\u0103tre ter\u021bi se face conform prevederilor legale pentru categoriile de destinatari preciza\u021bi anterior.<\/span><\/p>\n<p>Perioada de stocare a datelor personale<\/p>\n<p><span style=\"font-weight: 400;\">Datele dumneavoastr\u0103 personale sunt stocate pe perioada necesar\u0103 efectu\u0103rii tuturor demersurilor \u00eentreprinse pentru sus\u021binerea activit\u0103\u021bii de produc\u021bie \u0219i comercial\u0103, pe durata raportului de munc\u0103, derulare evenimente, solu\u021bionarea ac\u021biunilor de c\u0103tre instan\u021bele de judecat\u0103 competente, dup\u0103 care vor fi arhivate potrivit legisla\u021biei aplicabile.<\/span><\/p>\n<p>Drepturile dumneavoastr\u0103 \u0219i modul de exercitare al acestora<\/p>\n<p><span style=\"font-weight: 400;\">Conform prevederilor legale aplicabile, beneficia\u0163i de <\/span>dreptul de acces, dreptul la rectificare, dreptul la \u015ftergerea datelor, dreptul la restric\u0163ionarea prelucr\u0103rii, dreptul la portabilitatea datelor, dreptul la opozi\u0163ie \u015fi procesul decizional individual automatizat<span style=\"font-weight: 400;\">.<\/span><\/p>\n<p><span style=\"font-weight: 400;\">Pentru exercitarea drepturilor dvs. v\u0103 rug\u0103m s\u0103 contacta\u021bi direct, responsabilul cu protec\u021bia datelor din ELECTRO SISTEM SRL \u0219i B&amp;K ELECTRO SYSTEM SRL la adresa: <\/span>dpo@electro-sistem.com<span style=\"font-weight: 400;\"> sau \u00een scris la sediul societ\u0103\u021bii.<\/span><\/p>\n<p>Prelucr\u0103rile de date speciale sau \u00eentemeiate pe consim\u021b\u0103m\u00e2nt<\/p>\n<p><span style=\"font-weight: 400;\">Atunci c\u00e2nd prelucrarea se bazeaz\u0103 pe articolul 6 alineatul (1) litera (a) \u201d<\/span><i><span style=\"font-weight: 400;\">persoana vizat\u0103 \u0219i-a dat consim\u021b\u0103m\u00e2ntul pentru prelucrarea datelor sale cu caracter personal pentru unul sau mai multe scopuri specifice<\/span><\/i><span style=\"font-weight: 400;\">\u201d sau pe articolul 9 alineatul (2) litera (a) <\/span><i><span style=\"font-weight: 400;\">\u201dpersoana vizat\u0103 \u0219i-a dat consim\u021b\u0103m\u00e2ntul explicit pentru prelucrarea acestor date cu caracter personal pentru unul sau mai multe scopuri specifice, cu excep\u021bia cazului \u00een care dreptul Uniunii sau dreptul intern prevede ca interdic\u021bia prev\u0103zut\u0103 la alineatul (1) s\u0103 nu poat\u0103 fi ridicat\u0103 prin consim\u021b\u0103m\u00e2ntul persoanei vizate<\/span><\/i><span style=\"font-weight: 400;\">\u201d din GDPR, ave\u021bi dreptul de a v\u0103 retrage consim\u021b\u0103m\u00e2ntul \u00een orice moment, f\u0103r\u0103 a afecta legalitatea prelucr\u0103rii efectuate pe baza consim\u021b\u0103m\u00e2ntului \u00eenainte de retragerea acestuia. Astfel, pute\u021bi modifica sau elimina consim\u021b\u0103m\u00e2ntul \u00een orice moment, \u0219i vom ac\u021biona imediat \u00een consecin\u021b\u0103, cu excep\u021bia cazului \u00een care exist\u0103 un motiv legal sau un interes legitim pentru a nu face acest lucru.<\/span><\/p>\n<h1><span style=\"font-size: 12pt;\"><b>POLITICA DE COOKIE-URI<\/b><\/span><\/h1>\n<p><span style=\"font-weight: 400;\">Un \u201cInternet Cookie\u201d (termen cunoscut <\/span><span style=\"font-weight: 400;\">\u0219<\/span><span style=\"font-weight: 400;\">i ca \u201cbrowser cookie\u201d sau \u201cHTTPS cookie\u201d sau pur <\/span><span style=\"font-weight: 400;\">\u0219<\/span><span style=\"font-weight: 400;\">i simplu \u201ccookie\u201d) este un fi<\/span><span style=\"font-weight: 400;\">\u0219<\/span><span style=\"font-weight: 400;\">ier de mici dimensiuni, format din litere <\/span><span style=\"font-weight: 400;\">\u0219<\/span><span style=\"font-weight: 400;\">i numere, care va fi stocat pe computerul, terminalul mobil sau alte echipamente ale unui utilizator de pe care se acceseaz\u0103 Internetul.\u00a0<\/span><\/p>\n<p><span style=\"font-weight: 400;\">Cookie-ul este instalat prin solicitarea emis\u0103 de c\u0103tre un web-server unui browser (ex: Internet Explorer, Chrome) <\/span><span style=\"font-weight: 400;\">\u0219<\/span><span style=\"font-weight: 400;\">i este complet \u201cpasiv\u201d (nu con<\/span><span style=\"font-weight: 400;\">\u021b<\/span><span style=\"font-weight: 400;\">ine programe software, viru<\/span><span style=\"font-weight: 400;\">\u0219<\/span><span style=\"font-weight: 400;\">i sau spyware <\/span><span style=\"font-weight: 400;\">\u0219<\/span><span style=\"font-weight: 400;\">i nu poate accesa informa<\/span><span style=\"font-weight: 400;\">\u021b<\/span><span style=\"font-weight: 400;\">iile de pe hard-disk-ul utilizatorului).\u00a0<\/span><\/p>\n<p><span style=\"font-weight: 400;\">Un cookie este format din dou\u0103 p\u0103r<\/span><span style=\"font-weight: 400;\">\u021b<\/span><span style=\"font-weight: 400;\">i: numele <\/span><span style=\"font-weight: 400;\">\u0219<\/span><span style=\"font-weight: 400;\">i continutul sau valoarea cookie-ului. Mai mult, durata de existen<\/span><span style=\"font-weight: 400;\">\u021b\u0103<\/span><span style=\"font-weight: 400;\"> a unui cookie este determinat\u0103; tehnic, doar webserverul care a trimis cookie-ul \u00eel poate accesa din nou \u00een momentul \u00een care un utilizator se \u00eentoarce pe website-ul asociat webserverului respectiv.<\/span><\/p>\n","protected":false},"excerpt":{"rendered":"<p><span style=\"font-weight: 400;\">ELECTRO SISTEM SRL \u0219i B&amp;K ELECTRO SYSTEM SRL, cu sediul \u00een Baia Mare, str. 8 Martie nr. 4B, jud.Maramure\u0219, tel. +40 262 213581, fax: +40 262 213583, website: www.electro-sistem.com, email: dpo@electro-sistem.com&#8230;<\/p>\n","protected":false},"author":5,"featured_media":0,"parent":0,"menu_order":0,"comment_status":"closed","ping_status":"open","template":"","meta":[],"_links":{"self":[{"href":"http:\/\/electro-sistem.com\/ro_RO\/wp-json\/wp\/v2\/pages\/3325"}],"collection":[{"href":"http:\/\/electro-sistem.com\/ro_RO\/wp-json\/wp\/v2\/pages"}],"about":[{"href":"http:\/\/electro-sistem.com\/ro_RO\/wp-json\/wp\/v2\/types\/page"}],"author":[{"embeddable":true,"href":"http:\/\/electro-sistem.com\/ro_RO\/wp-json\/wp\/v2\/users\/5"}],"replies":[{"embeddable":true,"href":"http:\/\/electro-sistem.com\/ro_RO\/wp-json\/wp\/v2\/comments?post=3325"}],"version-history":[{"count":29,"href":"http:\/\/electro-sistem.com\/ro_RO\/wp-json\/wp\/v2\/pages\/3325\/revisions"}],"predecessor-version":[{"id":3463,"href":"http:\/\/electro-sistem.com\/ro_RO\/wp-json\/wp\/v2\/pages\/3325\/revisions\/3463"}],"wp:attachment":[{"href":"http:\/\/electro-sistem.com\/ro_RO\/wp-json\/wp\/v2\/media?parent=3325"}],"curies":[{"name":"wp","href":"https:\/\/api.w.org\/{rel}","templated":true}]}}