{"id":400,"date":"2015-05-07T16:16:58","date_gmt":"2015-05-07T16:16:58","guid":{"rendered":"http:\/\/electro-sistem.com\/?page_id=400"},"modified":"2017-05-11T05:56:09","modified_gmt":"2017-05-11T05:56:09","slug":"bk-electro-system","status":"publish","type":"page","link":"http:\/\/electro-sistem.com\/hu_HU\/bk-electro-system\/","title":{"rendered":"B&K ELECTRO SYSTEM"},"content":{"rendered":"<p>B&amp;K ELECTRO SYSTEM SRL Baia Mare (Nagyb\u00e1nya)\u00a0a c\u00e9gcsoport kereskedelmi egys\u00e9ge, amely a beton h\u00e1z n\u00e9lk\u00fcli term\u00e9kkateg\u00f3ri\u00e1k forgalmaz\u00e1s\u00e1val foglalkozik, m\u00e1sodlagos terjeszt\u00e9s\u0171 k\u00f6z\u00e9pfesz\u00fclts\u00e9g\u0171 kapcsol\u00f3berendez\u00e9sekt\u0151l eg\u00e9szen a legkisebb kisfesz\u00fclts\u00e9g\u0171 kapcsol\u00f3szekr\u00e9nyekig.<\/p>\n<p><a href=\"http:\/\/electro-sistem.com\/wp-content\/uploads\/2015\/05\/IMG_9223-e1435217633290.jpg\"><img loading=\"lazy\" class=\"alignleft size-full wp-image-654\" src=\"http:\/\/electro-sistem.com\/wp-content\/uploads\/2015\/05\/IMG_9223-e1435217633290.jpg\" alt=\"IMG_9223\" width=\"500\" height=\"333\" \/><\/a><\/p>\n","protected":false},"excerpt":{"rendered":"<p>B&amp;K ELECTRO SYSTEM SRL Baia Mare (Nagyb\u00e1nya)\u00a0a c\u00e9gcsoport kereskedelmi egys\u00e9ge, amely a beton h\u00e1z n\u00e9lk\u00fcli term\u00e9kkateg\u00f3ri\u00e1k forgalmaz\u00e1s\u00e1val foglalkozik, m\u00e1sodlagos terjeszt\u00e9s\u0171 k\u00f6z\u00e9pfesz\u00fclts\u00e9g\u0171 kapcsol\u00f3berendez\u00e9sekt\u0151l eg\u00e9szen a legkisebb kisfesz\u00fclt&#8230;<\/p>\n","protected":false},"author":1,"featured_media":0,"parent":0,"menu_order":0,"comment_status":"open","ping_status":"open","template":"","meta":[],"_links":{"self":[{"href":"http:\/\/electro-sistem.com\/hu_HU\/wp-json\/wp\/v2\/pages\/400"}],"collection":[{"href":"http:\/\/electro-sistem.com\/hu_HU\/wp-json\/wp\/v2\/pages"}],"about":[{"href":"http:\/\/electro-sistem.com\/hu_HU\/wp-json\/wp\/v2\/types\/page"}],"author":[{"embeddable":true,"href":"http:\/\/electro-sistem.com\/hu_HU\/wp-json\/wp\/v2\/users\/1"}],"replies":[{"embeddable":true,"href":"http:\/\/electro-sistem.com\/hu_HU\/wp-json\/wp\/v2\/comments?post=400"}],"version-history":[{"count":15,"href":"http:\/\/electro-sistem.com\/hu_HU\/wp-json\/wp\/v2\/pages\/400\/revisions"}],"predecessor-version":[{"id":2367,"href":"http:\/\/electro-sistem.com\/hu_HU\/wp-json\/wp\/v2\/pages\/400\/revisions\/2367"}],"wp:attachment":[{"href":"http:\/\/electro-sistem.com\/hu_HU\/wp-json\/wp\/v2\/media?parent=400"}],"curies":[{"name":"wp","href":"https:\/\/api.w.org\/{rel}","templated":true}]}}