{"id":3562,"date":"2020-11-19T11:25:33","date_gmt":"2020-11-19T09:25:33","guid":{"rendered":"http:\/\/electro-sistem.com\/?page_id=3562"},"modified":"2021-02-22T15:49:01","modified_gmt":"2021-02-22T13:49:01","slug":"25ani","status":"publish","type":"page","link":"http:\/\/electro-sistem.com\/hu_HU\/25ani\/","title":{"rendered":"25 \u00c9V"},"content":{"rendered":"<p>[vc_row full_width=&#8221;stretch_row_content_no_spaces&#8221; css=&#8221;.vc_custom_1612792873201{margin-top: 0px !important;margin-bottom: 0px !important;border-top-width: 0px !important;border-bottom-width: 0px !important;padding-top: 0px !important;padding-bottom: 0px !important;background-position: center !important;background-repeat: no-repeat !important;background-size: cover !important;}&#8221;][vc_column css=&#8221;.vc_custom_1612792880513{margin-top: 0px !important;margin-bottom: 0px !important;border-top-width: 0px !important;border-bottom-width: 0px !important;padding-top: 0px !important;padding-bottom: 0px !important;}&#8221;][vc_single_image image=&#8221;3742&#8243; img_size=&#8221;full&#8221; alignment=&#8221;center&#8221; el_class=&#8221;mbottom0&#8243;][\/vc_column][\/vc_row][vc_row full_width=&#8221;stretch_row_content&#8221; content_placement=&#8221;middle&#8221; css=&#8221;.vc_custom_1605791345150{margin-top: 0px !important;margin-bottom: 0px !important;border-top-width: 0px !important;border-bottom-width: 0px !important;padding-top: 0px !important;padding-bottom: 0px !important;}&#8221;][vc_column css=&#8221;.vc_custom_1605791352811{margin-top: 0px !important;margin-bottom: 0px !important;border-top-width: 0px !important;border-bottom-width: 0px !important;padding-top: 0px !important;padding-bottom: 0px !important;}&#8221;][vc_row_inner][vc_column_inner css=&#8221;.vc_custom_1605789856209{background-color: #fecc00 !important;}&#8221;][vc_wp_text el_class=&#8221;firstBox&#8221;]<\/p>\n<h3 style=\"text-align: center;\"><span style=\"color: #ffffff;\">a tapasztalat alak\u00edtja a j\u00f6v\u0151t<\/span><\/h3>\n<p style=\"text-align: center;\"><span style=\"color: #ffffff;\"><strong>INNOV\u00c1CI\u00d3S MEGOLD\u00c1SOK AZ ELEKTROMOS \u00c1RAM TERJESZT\u00c9S\u00c9BEN \u00c9S ELLEN\u0150RZ\u00c9S\u00c9BEN<\/strong><\/span><\/p>\n<p>[\/vc_wp_text][\/vc_column_inner][\/vc_row_inner][\/vc_column][\/vc_row][vc_row equal_height=&#8221;yes&#8221; content_placement=&#8221;middle&#8221;][vc_column width=&#8221;1\/2&#8243;][vc_single_image image=&#8221;3685&#8243; img_size=&#8221;215&#215;215&#8243; alignment=&#8221;right&#8221; css_animation=&#8221;bounceInLeft&#8221;][\/vc_column][vc_column width=&#8221;1\/2&#8243;][vc_column_text css_animation=&#8221;fadeInRight&#8221; el_class=&#8221;distributieText&#8221;]AZ ELEKTROMOS \u00c1RAM HAT\u00c9KONY TERJESZT\u00c9S\u00c9\u00c9RT[\/vc_column_text][\/vc_column][\/vc_row][vc_row el_class=&#8221;atuBox&#8221;][vc_column][vc_column_text css_animation=&#8221;left-to-right&#8221;]Az egyik f\u0151 c\u00e9gcsoport vagyunk az elektromos \u00e1ramot terjeszt\u0151 berendez\u00e9seket gy\u00e1rt\u00f3k c\u00e9gek piac\u00e1n[\/vc_column_text][vc_column_text css_animation=&#8221;left-to-right&#8221;]Nyitottak vagyunk \u00fcgyfeleink \u00e9s partnereink ig\u00e9nyei ir\u00e1nt[\/vc_column_text][vc_column_text css_animation=&#8221;left-to-right&#8221;]Egy\u00e9ni megold\u00e1sokat aj\u00e1nlunk, amelyek komplexek, de flexibilisek is az elektromoss\u00e1g terjeszt\u00e9s\u00e9ben haszn\u00e1lt vez\u00e9rl\u0151 rendszerekben[\/vc_column_text][vc_column_text css_animation=&#8221;left-to-right&#8221;]25 \u00e9ves tapasztaltunk van a term\u00e9keink gy\u00e1rt\u00e1sban \u00e9s forgalmaz\u00e1s\u00e1ban[\/vc_column_text][vc_column_text css_animation=&#8221;left-to-right&#8221;]Komplex megold\u00e1si adatb\u00e1zisunk van k\u00fcl\u00f6nf\u00e9le nagym\u00e9ret\u0171 projektekre[\/vc_column_text][vc_column_text css_animation=&#8221;left-to-right&#8221;]Innov\u00e1ci\u00f3s megold\u00e1sok \u00e1ltal egyszer\u0171s\u00edtj\u00fck a tervez\u00e9si \u00e9s gy\u00e1rt\u00e1si elj\u00e1r\u00e1sokat[\/vc_column_text][vc_column_text css_animation=&#8221;left-to-right&#8221;]7 gy\u00e1rt\u00f3egys\u00e9ggel rendelkez\u00fcnk az orsz\u00e1gban \u00e9s k\u00fclf\u00f6ld\u00f6n[\/vc_column_text][vc_column_text css_animation=&#8221;left-to-right&#8221;]Okos gy\u00e1rakban tev\u00e9kenyked\u00fcnk \u00f6sszek\u00f6t\u00f6tt automtatiz\u00e1lt g\u00e9pekkel[\/vc_column_text][vc_column_text css_animation=&#8221;left-to-right&#8221;]Utols\u00f3 gener\u00e1ci\u00f3s technol\u00f3gi\u00e1t haszn\u00e1lunk, amely integrat\u00edv, atipikus \u00e9s flexibilis megold\u00e1sokat enged meg[\/vc_column_text][vc_column_text css_animation=&#8221;left-to-right&#8221;]Ultraperform\u00e1ns technol\u00f3gi\u00e1val felszerelt tesztel\u0151 laboratoriummal ellen\u0151rizz\u00fck term\u00e9keinket[\/vc_column_text][vc_column_text css_animation=&#8221;left-to-right&#8221;]A t\u00edpuspr\u00f3b\u00e1kat az \u00faj term\u00e9keinkhez nemzetk\u00f6zileg elismert laboratoriumban v\u00e1gezz\u00fck el[\/vc_column_text][vc_column_text css_animation=&#8221;left-to-right&#8221;]Folyamatosan azutomatiz\u00e1ljuk a gy\u00e1rt\u00e1si folyamatokat[\/vc_column_text][vc_column_text css_animation=&#8221;left-to-right&#8221;]Gyors hat\u00e1rid\u0151n bel\u00fcl sz\u00e9les k\u00f6r\u0171 term\u00e9keket \u00e9s alkatr\u00e9szeket tervez\u00fcnk \u00e9s gy\u00e1rtunk[\/vc_column_text][vc_column_text css_animation=&#8221;left-to-right&#8221;]Hagyom\u00e1nyos partners\u00e9gi kapcsolatokat \u00e1polunk a szakter\u00fclet\u00fcnk legfontosabb gy\u00e1rt\u00f3ival[\/vc_column_text][vc_column_text css_animation=&#8221;left-to-right&#8221;]Kiszolg\u00e1ljuk \u00fcgyfeleinket minden ipar\u00e1gban \u00e9s szerte a vil\u00e1gban[\/vc_column_text][vc_column_text css_animation=&#8221;left-to-right&#8221;]Kereskedelmi irod\u00e1ink \u00e9s rakt\u00e1raink vannak nyolc nagy rom\u00e1niai v\u00e1rosban \u00e9s k\u00fclf\u00f6ld\u00f6n[\/vc_column_text][vc_column_text css_animation=&#8221;left-to-right&#8221;]Folyamatosan b\u0151v\u00edtj\u00fck a rakt\u00e1rh\u00e1l\u00f3zatunkat a k\u00e9szleten l\u00e9v\u0151 term\u00e9kek t\u00e1rol\u00e1sa miatt[\/vc_column_text][vc_column_text css_animation=&#8221;left-to-right&#8221;]Dinamikus \u00e9s magas szakmai k\u00e9pzetts\u00e9gben r\u00e9szes\u00fclt csapattal rendelkez\u00fcnk[\/vc_column_text][vc_column_text css_animation=&#8221;left-to-right&#8221;]Folyamatosan tov\u00e1bbk\u00e9pzett szak\u00e9rt\u0151kkel b\u00fcszk\u00e9lked\u00fcnk[\/vc_column_text][vc_column_text css_animation=&#8221;left-to-right&#8221;]Hat\u00e9konys\u00e1g, biztons\u00e1g \u00e9s id\u0151t\u00e1ll\u00f3s\u00e1g &#8211; ezen elvek alapj\u00e1n fejtj\u00fck ki a tev\u00e9kenys\u00e9get[\/vc_column_text][vc_column_text css_animation=&#8221;left-to-right&#8221;]A szem\u00e9lyeket \u00e9s a k\u00f6rnyezetet is figyelemmel kezelj\u00fck[\/vc_column_text][vc_column_text css_animation=&#8221;left-to-right&#8221;]Folyamatosan tov\u00e1bbk\u00e9pzett szak\u00e9rt\u0151kkel b\u00fcszk\u00e9lked\u00fcnk[\/vc_column_text][vc_column_text css_animation=&#8221;left-to-right&#8221;]R\u00e9szt vesz\u00fcnk a helyi k\u00f6z\u00f6ss\u00e9gi \u00e9let t\u00f6bb ter\u00fclet\u00e9n[\/vc_column_text][vc_column_text css_animation=&#8221;left-to-right&#8221;]\u00c9vente kiadunk egy albumot a v\u00e1rosr\u00f3l \u00e9s k\u00f6rny\u00e9k\u00e9r\u0151l ahol \u00e9l\u00fcnk \u00e9s kifejtj\u00fck a tev\u00e9kenys\u00e9g\u00fcnket[\/vc_column_text][vc_column_text css_animation=&#8221;left-to-right&#8221;]<span lang=\"IT\">Az Electro S<\/span><span lang=\"IT\">istem Sportklub Clubul Sportiv Electro Sistem n\u00e9pszer\u0171s\u00edti a sportszer\u0171 t\u00e1j\u00e9koz\u00f3d\u00e1st a fiatalok k\u00f6r\u00e9ben \u00a0<\/span>[\/vc_column_text][\/vc_column][\/vc_row][vc_row full_width=&#8221;stretch_row_content_no_spaces&#8221; parallax=&#8221;content-moving&#8221; parallax_image=&#8221;3610&#8243; css=&#8221;.vc_custom_1606147181739{padding-top: 300px !important;padding-bottom: 300px !important;}&#8221;][vc_column][\/vc_column][\/vc_row][vc_row equal_height=&#8221;yes&#8221;][vc_column][vc_row_inner equal_height=&#8221;yes&#8221;][vc_column_inner width=&#8221;1\/2&#8243;][vc_column_text css_animation=&#8221;fadeInDown&#8221; el_class=&#8221;viitorulBox&#8221;]<strong>az energetikai rendszerek<\/strong><\/p>\n<p>integr\u00e1lt<\/p>\n<p>j\u00f6v\u0151je[\/vc_column_text][\/vc_column_inner][vc_column_inner width=&#8221;1\/2&#8243;][vc_column_text css_animation=&#8221;fadeInDown&#8221; el_class=&#8221;orangeBox&#8221; css=&#8221;.vc_custom_1612361977589{padding-top: 90px !important;}&#8221;]<strong>Az Electro Sistem egy 100%-os rom\u00e1niai mag\u00e1nt\u0151k\u00e9vel rendelkez\u0151 c\u00e9ge, amelyett 25 \u00e9ve alap\u00edtottunk Nagyb\u00e1ny\u00e1n.<\/strong><\/p>\n<p>Convingerea noastr\u0103 bazat\u0103 pe experien\u021ba \u0219i succesul recunoscute de partenerii din \u021bar\u0103 \u0219i din str\u0103in\u0103tate, este c\u0103, pe termen mediu \u0219i lung, pe pia\u021ba de profil, argumentele esen\u021biale \u00een favoarea reu\u0219itei sunt date de calitatea produselor, capacitatea de integrare a\u00a0unor solu\u021bii moderne \u0219i respectarea angajamentelor.[\/vc_column_text][\/vc_column_inner][\/vc_row_inner][\/vc_column][\/vc_row][vc_row full_width=&#8221;stretch_row&#8221; content_placement=&#8221;middle&#8221; css=&#8221;.vc_custom_1606486530099{background-color: #ebebe9 !important;}&#8221;][vc_column width=&#8221;1\/2&#8243;][vc_single_image image=&#8221;3699&#8243; img_size=&#8221;215&#215;215&#8243; alignment=&#8221;right&#8221; css_animation=&#8221;bounceInLeft&#8221;][\/vc_column][vc_column width=&#8221;1\/2&#8243;][vc_column_text css_animation=&#8221;fadeInDown&#8221; el_class=&#8221;categoriiProduse&#8221;]AZ ELEKTROMOS \u00c1RAM KORSZER\u0170 TERJESZT\u00c9S\u00c9\u00c9RT[\/vc_column_text][\/vc_column][\/vc_row][vc_row][vc_column width=&#8221;1\/2&#8243;][\/vc_column][vc_column width=&#8221;1\/2&#8243;][vc_single_image image=&#8221;3779&#8243; img_size=&#8221;medium&#8221; css_animation=&#8221;bounceInRight&#8221;][vc_column_text css_animation=&#8221;fadeInDown&#8221; el_class=&#8221;servicesBox&#8221;]<\/p>\n<ul>\n<li><a href=\"http:\/\/electro-sistem.com\/hu_HU\/category\/anvelope-prefabricate-echipate\/\">\/ EL\u0150REGY\u00c1RTOTT KOMPAKT TRANSZFORM\u00c1TOR\u00c1LLOM\u00c1SOK<\/a><\/li>\n<li><a href=\"http:\/\/electro-sistem.com\/hu_HU\/category\/celule-de-mediu-tensiune\/\">\/ K\u00d6Z\u00c9PFESZ\u00dcLTS\u00c9G\u0170 KAPCSOL\u00d3BERENDEZ\u00c9SEK<\/a><\/li>\n<li><a href=\"http:\/\/electro-sistem.com\/hu_HU\/category\/tablouri-de-joasa-tensiune\/\">\/ KISFESZ\u00dcLTS\u00c9G\u0170 ELOSZT\u00d3SZEKR\u00c9NYEK<\/a><\/li>\n<li><a href=\"http:\/\/electro-sistem.com\/hu_HU\/category\/echipamente-pentru-linii-electrice-aeriene\/\">\/ ELEKTROMOS L\u00c9GVEZET\u00c9KEK BERENDEZ\u00c9SEI<\/a><\/li>\n<li><a href=\"http:\/\/electro-sistem.com\/hu_HU\/category\/transformatoare-de-distributie\/\">\/ ELOSZT\u00d3TRANSZFORM\u00c1TOROK<\/a><\/li>\n<li><a href=\"http:\/\/electro-sistem.com\/hu_HU\/category\/echipamente-de-masura-de-medie-tensiune\/\">\/ K\u00d6Z\u00c9PFESZ\u00dcLTS\u00c9G\u0170 M\u00c9R\u0150V\u00c1LTOK<\/a><\/li>\n<li><a href=\"http:\/\/electro-sistem.com\/hu_HU\/category\/accesorii-pentru-cabluri\/\">\/ K\u00c1BELSZERELV\u00c9NYEK<\/a><\/li>\n<\/ul>\n<p>[\/vc_column_text][\/vc_column][\/vc_row][vc_row][vc_column][vc_single_image image=&#8221;3758&#8243; img_size=&#8221;full&#8221; alignment=&#8221;center&#8221; css_animation=&#8221;slideInUp&#8221;][\/vc_column][\/vc_row]<\/p>\n","protected":false},"excerpt":{"rendered":"<p>[vc_row full_width=&#8221;stretch_row_content_no_spaces&#8221; css=&#8221;.vc_custom_1612792873201{margin-top: 0px !important;margin-bottom: 0px !important;border-top-width: 0px !important;border-bottom-width: 0px !important;padding-top: 0px !important;padding-bottom:&#8230;<\/p>\n","protected":false},"author":1,"featured_media":0,"parent":0,"menu_order":0,"comment_status":"closed","ping_status":"closed","template":"single-fullwidth.php","meta":[],"_links":{"self":[{"href":"http:\/\/electro-sistem.com\/hu_HU\/wp-json\/wp\/v2\/pages\/3562"}],"collection":[{"href":"http:\/\/electro-sistem.com\/hu_HU\/wp-json\/wp\/v2\/pages"}],"about":[{"href":"http:\/\/electro-sistem.com\/hu_HU\/wp-json\/wp\/v2\/types\/page"}],"author":[{"embeddable":true,"href":"http:\/\/electro-sistem.com\/hu_HU\/wp-json\/wp\/v2\/users\/1"}],"replies":[{"embeddable":true,"href":"http:\/\/electro-sistem.com\/hu_HU\/wp-json\/wp\/v2\/comments?post=3562"}],"version-history":[{"count":155,"href":"http:\/\/electro-sistem.com\/hu_HU\/wp-json\/wp\/v2\/pages\/3562\/revisions"}],"predecessor-version":[{"id":3789,"href":"http:\/\/electro-sistem.com\/hu_HU\/wp-json\/wp\/v2\/pages\/3562\/revisions\/3789"}],"wp:attachment":[{"href":"http:\/\/electro-sistem.com\/hu_HU\/wp-json\/wp\/v2\/media?parent=3562"}],"curies":[{"name":"wp","href":"https:\/\/api.w.org\/{rel}","templated":true}]}}