{"id":185,"date":"2015-05-04T20:20:23","date_gmt":"2015-05-04T20:20:23","guid":{"rendered":"http:\/\/electro-sistem.com\/?page_id=185"},"modified":"2016-04-11T11:22:54","modified_gmt":"2016-04-11T11:22:54","slug":"contact","status":"publish","type":"page","link":"http:\/\/electro-sistem.com\/en_US\/contact\/","title":{"rendered":"Contact"},"content":{"rendered":"<div class=\"newsPageBox\">\n<h1>Contact<\/h1>\n<div class=\"clear\"><\/div>\n<div class=\"form\">\n<h3>contacta\u0163i-ne direct<\/h3>\n<p>[contact]<\/p>\n<\/div>\n<div class=\"contactRight\">\n<div class=\"infoline\">\n<h3>infoline<\/h3>\n<p>+40 0262 213 581<\/p>\n<\/div>\n<div class=\"contactBox\">\n<h2>Electro Sistem Grup<\/h2>\n<p>Rom\u00e2nia, 430406 Baia Mare<\/p>\n<p>str. 8 Martie nr. 4B<\/p>\n<p>t+40 0262 213 581<\/p>\n<p>f+40 0262 213 583<\/p>\n<p>@<a>info(at)electro-sistem.com<\/a><\/p>\n<\/div>\n<\/div>\n<\/div>\n<div class=\"clear\"><\/div>\n<div class=\"contactMap\"><iframe src=\"https:\/\/www.google.com\/maps\/d\/u\/0\/embed?mid=z5Ua5nPHJMDM.kF9sGvxs_7g4\" width=\"1029\" height=\"536\"><\/iframe><\/div>\n<div class=\"clear\"><\/div>\n<div class=\"contactDetails\">\n<h3>Sediul central<\/h3>\n<div class=\"contactBox\">\n<h2>Electro Sistem Grup<\/h2>\n<p>Rom\u00e2nia, 430406 Baia Mare<\/p>\n<p>str. 8 Martie nr. 4B<\/p>\n<p>t+40 0262 213 581<\/p>\n<p>f+40 0262 213 583<\/p>\n<p>@<a>info(at)electro-sistem.com<\/a><\/p>\n<\/div>\n<div class=\"contactBox\">\n<h2>B&amp;K Electro System srl<\/h2>\n<p>Rom\u00e2nia, 430406 Baia Mare<\/p>\n<p>str. 8 Martie nr. 4B<\/p>\n<p>t+40 0262-206 383; +40 0362 404 915<\/p>\n<p>f+40 0262 206 384<\/p>\n<p>@<a>bk(at)electro-sistem.com<\/a><\/p>\n<\/div>\n<div class=\"clear\"><\/div>\n<h3>Intern<\/h3>\n<div class=\"contactBox\">\n<h2>Electro Sistem Bucuresti<\/h2>\n<p>Rom\u00e2nia, 077190 Voluntari (Ilfov)<\/p>\n<p>str. C\u00e2mpul Pipera nr. 109<\/p>\n<p>t+40 031 4379 511<\/p>\n<p>f+40 031 4379 511<\/p>\n<p>@<a>bucuresti(at)electro-sistem.com<\/a><\/p>\n<\/div>\n<div class=\"contactBox\">\n<h2>Electro Sistem Brasov<\/h2>\n<p>Rom\u00e2nia, 500085 Bra\u015fov<\/p>\n<p>str. Alexandru Ioan Cuza nr. 33<\/p>\n<p>t+40 0368 446 063<\/p>\n<p>f+40 0368 446 063<\/p>\n<p>@<a>brasov(at)electro-sistem.com<\/a><\/p>\n<\/div>\n<div class=\"clear\"><\/div>\n<div class=\"contactBox\">\n<h2>sc L&amp;R Conseil srl<\/h2>\n<p>Rom\u00e2nia, 900330 Constan\u021ba<\/p>\n<p>str. Interioar\u0103 4, birou C19D<\/p>\n<p>t+40 0241 611 622<\/p>\n<p>f+40 0341 816 323<\/p>\n<p>@<a>constanta(at)electro-sistem.com<\/a><\/p>\n<\/div>\n<div class=\"contactBox\">\n<h2>sc Cosber srl<\/h2>\n<p>Rom\u00e2nia, 410229 Oradea<\/p>\n<p>str. Xenopol nr. 41<\/p>\n<p>t+40 0259 435 549<\/p>\n<p>f+40 0259 435 549<\/p>\n<p>@<a>oradea(at)electro-sistem.com<\/a><\/p>\n<\/div>\n<div class=\"contactBox\">\n<h2>sc Superelectric srl<\/h2>\n<p>Rom\u00e2nia, 600153 Bac\u0103u<\/p>\n<p>str. Stadionului nr. 6 sc. c, ap. 10<\/p>\n<p>t+40 0751 969 641<\/p>\n<p>f+40 0234 533 455<\/p>\n<p>@<a>bacau(at)electro-sistem.com<\/a><\/p>\n<\/div>\n<h3>Extern<\/h3>\n<div class=\"contactBox\">\n<h2>Electro Sistem<br \/>\nDeutschland Gmbh<\/h2>\n<p>Germania, 67256 Weisenheim am Sand<\/p>\n<p>Georg-Gerhard Str. 6B<\/p>\n<p>t+49 06353 959 79 50<\/p>\n<p>f+49 06353 959 79 51<\/p>\n<p>@<a>vertrieb(at)electro-sistem.com<\/a><\/p>\n<\/div>\n<div class=\"contactBox\">\n<h2>Energir Magyarorsz\u00e1g Kft<\/h2>\n<p>Ungaria,\u00a02220 Vecs\u00e9s<\/p>\n<p>D\u00f3zsa Gy\u00f6rgy \u00fat 86<\/p>\n<p>t+36 20 9 248 762<\/p>\n<p>f+36 29 737 087<\/p>\n<p>@<a>bajor.jozsef(at)energir.hu<\/a><\/p>\n<\/div>\n<\/div>\n","protected":false},"excerpt":{"rendered":"<p>&#8230;<\/p>\n","protected":false},"author":1,"featured_media":0,"parent":0,"menu_order":0,"comment_status":"open","ping_status":"open","template":"contact.php","meta":[],"_links":{"self":[{"href":"http:\/\/electro-sistem.com\/en_US\/wp-json\/wp\/v2\/pages\/185"}],"collection":[{"href":"http:\/\/electro-sistem.com\/en_US\/wp-json\/wp\/v2\/pages"}],"about":[{"href":"http:\/\/electro-sistem.com\/en_US\/wp-json\/wp\/v2\/types\/page"}],"author":[{"embeddable":true,"href":"http:\/\/electro-sistem.com\/en_US\/wp-json\/wp\/v2\/users\/1"}],"replies":[{"embeddable":true,"href":"http:\/\/electro-sistem.com\/en_US\/wp-json\/wp\/v2\/comments?post=185"}],"version-history":[{"count":2,"href":"http:\/\/electro-sistem.com\/en_US\/wp-json\/wp\/v2\/pages\/185\/revisions"}],"predecessor-version":[{"id":1857,"href":"http:\/\/electro-sistem.com\/en_US\/wp-json\/wp\/v2\/pages\/185\/revisions\/1857"}],"wp:attachment":[{"href":"http:\/\/electro-sistem.com\/en_US\/wp-json\/wp\/v2\/media?parent=185"}],"curies":[{"name":"wp","href":"https:\/\/api.w.org\/{rel}","templated":true}]}}